

{"id":9892,"date":"2021-10-29T13:32:31","date_gmt":"2021-10-29T10:32:31","guid":{"rendered":"https:\/\/kinnunen.fi-r.seravo.com\/tuote\/rollercoaster-satulatuoli-2\/"},"modified":"2026-05-06T04:00:04","modified_gmt":"2026-05-06T01:00:04","slug":"rollercoaster-satulatuoli-2","status":"publish","type":"product","link":"https:\/\/kinnunen.fi\/en\/product\/rollercoaster-satulatuoli-2\/","title":{"rendered":"Rollercoaster - the saddle chair"},"content":{"rendered":"<p>Ei en\u00e4\u00e4 hiuksia py\u00f6riin. Uudenlainen RollerCoaster patentoitu py\u00f6r\u00e4, joka on antistaattinen ja siin\u00e4 on suojus renkaan yl\u00e4puolella ja molemmilla sivuilla. Py\u00f6r\u00e4t pysyv\u00e4t karvattomina ja rullaavat aina kevyesti. Satulatuoli antaa automaattisesti oikean ergonomisen ty\u00f6asennon. Selk\u00e4 ja hartiaj\u00e4nnitykset v\u00e4henev\u00e4t. Istuinkorkeuden s\u00e4\u00e4t\u00f6 55-80 cm.<\/p>","protected":false},"excerpt":{"rendered":"<p>Ei en\u00e4\u00e4 hiuksia py\u00f6riin. Uudenlainen RollerCoaster patentoitu py\u00f6r\u00e4, joka on antistaattinen ja siin\u00e4 on suojus renkaan yl\u00e4puolella ja molemmilla sivuilla.&hellip;<\/p>","protected":false},"featured_media":15003,"comment_status":"closed","ping_status":"closed","template":"","meta":{"_relevanssi_hide_post":"","_relevanssi_pin_for_all":"","_relevanssi_pin_keywords":"","_relevanssi_unpin_keywords":"","_relevanssi_related_keywords":"","_relevanssi_related_include_ids":"","_relevanssi_related_exclude_ids":"","_relevanssi_related_no_append":"","_relevanssi_related_not_related":"","_relevanssi_related_posts":"","_relevanssi_noindex_reason":""},"product_cat":[1838,1850],"product_tag":[],"class_list":["post-9892","product","type-product","status-publish","has-post-thumbnail","hentry","product_cat-kalusteet","product_cat-aputuolit","tuotemerkki-sibel"],"tuotemerkit":[{"term_id":133,"name":"Sibel","slug":"sibel","term_group":0,"term_taxonomy_id":133,"taxonomy":"tuotemerkki","description":"","parent":0,"count":43,"filter":"raw"}],"acf":[],"yoast_head":"<!-- This site is optimized with the Yoast SEO plugin v23.3 - https:\/\/yoast.com\/wordpress\/plugins\/seo\/ -->\n<title>Rollercoaster -satulatuoli - Kinnunen<\/title>\n<meta name=\"robots\" content=\"index, follow, max-snippet:-1, max-image-preview:large, max-video-preview:-1\" \/>\n<link rel=\"canonical\" href=\"https:\/\/kinnunen.fi\/en\/product\/rollercoaster-satulatuoli-2\/\" \/>\n<meta property=\"og:locale\" content=\"en_GB\" \/>\n<meta property=\"og:type\" content=\"article\" \/>\n<meta property=\"og:title\" content=\"Rollercoaster -satulatuoli - Kinnunen\" \/>\n<meta property=\"og:description\" content=\"Ei en\u00e4\u00e4 hiuksia py\u00f6riin. Uudenlainen RollerCoaster patentoitu py\u00f6r\u00e4, joka on antistaattinen ja siin\u00e4 on suojus renkaan yl\u00e4puolella ja molemmilla sivuilla.&hellip;\" \/>\n<meta property=\"og:url\" content=\"https:\/\/kinnunen.fi\/en\/product\/rollercoaster-satulatuoli-2\/\" \/>\n<meta property=\"og:site_name\" content=\"Kinnunen\" \/>\n<meta property=\"article:modified_time\" content=\"2026-05-06T01:00:04+00:00\" \/>\n<meta property=\"og:image\" content=\"https:\/\/kinnunen.fi\/wp-content\/uploads\/2021\/10\/rollercoaster_satulatuoli.jpg\" \/>\n\t<meta property=\"og:image:width\" content=\"1000\" \/>\n\t<meta property=\"og:image:height\" content=\"1000\" \/>\n\t<meta property=\"og:image:type\" content=\"image\/jpeg\" \/>\n<meta name=\"twitter:card\" content=\"summary_large_image\" \/>\n<script type=\"application\/ld+json\" class=\"yoast-schema-graph\">{\"@context\":\"https:\/\/schema.org\",\"@graph\":[{\"@type\":\"WebPage\",\"@id\":\"https:\/\/kinnunen.fi\/tuote\/rollercoaster-satulatuoli-2\/\",\"url\":\"https:\/\/kinnunen.fi\/tuote\/rollercoaster-satulatuoli-2\/\",\"name\":\"Rollercoaster -satulatuoli - Kinnunen\",\"isPartOf\":{\"@id\":\"https:\/\/kinnunen.fi\/#website\"},\"primaryImageOfPage\":{\"@id\":\"https:\/\/kinnunen.fi\/tuote\/rollercoaster-satulatuoli-2\/#primaryimage\"},\"image\":{\"@id\":\"https:\/\/kinnunen.fi\/tuote\/rollercoaster-satulatuoli-2\/#primaryimage\"},\"thumbnailUrl\":\"https:\/\/kinnunen.fi\/wp-content\/uploads\/2021\/10\/rollercoaster_satulatuoli.jpg\",\"datePublished\":\"2021-10-29T10:32:31+00:00\",\"dateModified\":\"2026-05-06T01:00:04+00:00\",\"breadcrumb\":{\"@id\":\"https:\/\/kinnunen.fi\/tuote\/rollercoaster-satulatuoli-2\/#breadcrumb\"},\"inLanguage\":\"en-GB\",\"potentialAction\":[{\"@type\":\"ReadAction\",\"target\":[\"https:\/\/kinnunen.fi\/tuote\/rollercoaster-satulatuoli-2\/\"]}]},{\"@type\":\"ImageObject\",\"inLanguage\":\"en-GB\",\"@id\":\"https:\/\/kinnunen.fi\/tuote\/rollercoaster-satulatuoli-2\/#primaryimage\",\"url\":\"https:\/\/kinnunen.fi\/wp-content\/uploads\/2021\/10\/rollercoaster_satulatuoli.jpg\",\"contentUrl\":\"https:\/\/kinnunen.fi\/wp-content\/uploads\/2021\/10\/rollercoaster_satulatuoli.jpg\",\"width\":1000,\"height\":1000},{\"@type\":\"BreadcrumbList\",\"@id\":\"https:\/\/kinnunen.fi\/tuote\/rollercoaster-satulatuoli-2\/#breadcrumb\",\"itemListElement\":[{\"@type\":\"ListItem\",\"position\":1,\"name\":\"Etusivu\",\"item\":\"https:\/\/kinnunen.fi\/\"},{\"@type\":\"ListItem\",\"position\":2,\"name\":\"Kaikki tuotteet\",\"item\":\"https:\/\/kinnunen.fi\/kauppa\/\"},{\"@type\":\"ListItem\",\"position\":3,\"name\":\"Kalusteet\",\"item\":\"https:\/\/kinnunen.fi\/tuote-osasto\/kalusteet\/\"},{\"@type\":\"ListItem\",\"position\":4,\"name\":\"Apu- ja satulatuolit\",\"item\":\"https:\/\/kinnunen.fi\/tuote-osasto\/kalusteet\/aputuolit\/\"},{\"@type\":\"ListItem\",\"position\":5,\"name\":\"Rollercoaster -satulatuoli\"}]},{\"@type\":\"WebSite\",\"@id\":\"https:\/\/kinnunen.fi\/#website\",\"url\":\"https:\/\/kinnunen.fi\/\",\"name\":\"Kinnunen\",\"description\":\"\",\"potentialAction\":[{\"@type\":\"SearchAction\",\"target\":{\"@type\":\"EntryPoint\",\"urlTemplate\":\"https:\/\/kinnunen.fi\/?s={search_term_string}\"},\"query-input\":\"required name=search_term_string\"}],\"inLanguage\":\"en-GB\"}]}<\/script>\n<!-- \/ Yoast SEO plugin. -->","yoast_head_json":{"title":"Rollercoaster -satulatuoli - Kinnunen","robots":{"index":"index","follow":"follow","max-snippet":"max-snippet:-1","max-image-preview":"max-image-preview:large","max-video-preview":"max-video-preview:-1"},"canonical":"https:\/\/kinnunen.fi\/en\/product\/rollercoaster-satulatuoli-2\/","og_locale":"en_GB","og_type":"article","og_title":"Rollercoaster -satulatuoli - Kinnunen","og_description":"Ei en\u00e4\u00e4 hiuksia py\u00f6riin. Uudenlainen RollerCoaster patentoitu py\u00f6r\u00e4, joka on antistaattinen ja siin\u00e4 on suojus renkaan yl\u00e4puolella ja molemmilla sivuilla.&hellip;","og_url":"https:\/\/kinnunen.fi\/en\/product\/rollercoaster-satulatuoli-2\/","og_site_name":"Kinnunen","article_modified_time":"2026-05-06T01:00:04+00:00","og_image":[{"width":1000,"height":1000,"url":"https:\/\/kinnunen.fi\/wp-content\/uploads\/2021\/10\/rollercoaster_satulatuoli.jpg","type":"image\/jpeg"}],"twitter_card":"summary_large_image","schema":{"@context":"https:\/\/schema.org","@graph":[{"@type":"WebPage","@id":"https:\/\/kinnunen.fi\/tuote\/rollercoaster-satulatuoli-2\/","url":"https:\/\/kinnunen.fi\/tuote\/rollercoaster-satulatuoli-2\/","name":"Rollercoaster -satulatuoli - Kinnunen","isPartOf":{"@id":"https:\/\/kinnunen.fi\/#website"},"primaryImageOfPage":{"@id":"https:\/\/kinnunen.fi\/tuote\/rollercoaster-satulatuoli-2\/#primaryimage"},"image":{"@id":"https:\/\/kinnunen.fi\/tuote\/rollercoaster-satulatuoli-2\/#primaryimage"},"thumbnailUrl":"https:\/\/kinnunen.fi\/wp-content\/uploads\/2021\/10\/rollercoaster_satulatuoli.jpg","datePublished":"2021-10-29T10:32:31+00:00","dateModified":"2026-05-06T01:00:04+00:00","breadcrumb":{"@id":"https:\/\/kinnunen.fi\/tuote\/rollercoaster-satulatuoli-2\/#breadcrumb"},"inLanguage":"en-GB","potentialAction":[{"@type":"ReadAction","target":["https:\/\/kinnunen.fi\/tuote\/rollercoaster-satulatuoli-2\/"]}]},{"@type":"ImageObject","inLanguage":"en-GB","@id":"https:\/\/kinnunen.fi\/tuote\/rollercoaster-satulatuoli-2\/#primaryimage","url":"https:\/\/kinnunen.fi\/wp-content\/uploads\/2021\/10\/rollercoaster_satulatuoli.jpg","contentUrl":"https:\/\/kinnunen.fi\/wp-content\/uploads\/2021\/10\/rollercoaster_satulatuoli.jpg","width":1000,"height":1000},{"@type":"BreadcrumbList","@id":"https:\/\/kinnunen.fi\/tuote\/rollercoaster-satulatuoli-2\/#breadcrumb","itemListElement":[{"@type":"ListItem","position":1,"name":"Etusivu","item":"https:\/\/kinnunen.fi\/"},{"@type":"ListItem","position":2,"name":"Kaikki tuotteet","item":"https:\/\/kinnunen.fi\/kauppa\/"},{"@type":"ListItem","position":3,"name":"Kalusteet","item":"https:\/\/kinnunen.fi\/tuote-osasto\/kalusteet\/"},{"@type":"ListItem","position":4,"name":"Apu- ja satulatuolit","item":"https:\/\/kinnunen.fi\/tuote-osasto\/kalusteet\/aputuolit\/"},{"@type":"ListItem","position":5,"name":"Rollercoaster -satulatuoli"}]},{"@type":"WebSite","@id":"https:\/\/kinnunen.fi\/#website","url":"https:\/\/kinnunen.fi\/","name":"Kinnunen","description":"","potentialAction":[{"@type":"SearchAction","target":{"@type":"EntryPoint","urlTemplate":"https:\/\/kinnunen.fi\/?s={search_term_string}"},"query-input":"required name=search_term_string"}],"inLanguage":"en-GB"}]}},"_links":{"self":[{"href":"https:\/\/kinnunen.fi\/en\/wp-json\/wp\/v2\/product\/9892"}],"collection":[{"href":"https:\/\/kinnunen.fi\/en\/wp-json\/wp\/v2\/product"}],"about":[{"href":"https:\/\/kinnunen.fi\/en\/wp-json\/wp\/v2\/types\/product"}],"replies":[{"embeddable":true,"href":"https:\/\/kinnunen.fi\/en\/wp-json\/wp\/v2\/comments?post=9892"}],"wp:featuredmedia":[{"embeddable":true,"href":"https:\/\/kinnunen.fi\/en\/wp-json\/wp\/v2\/media\/15003"}],"wp:attachment":[{"href":"https:\/\/kinnunen.fi\/en\/wp-json\/wp\/v2\/media?parent=9892"}],"wp:term":[{"taxonomy":"product_cat","embeddable":true,"href":"https:\/\/kinnunen.fi\/en\/wp-json\/wp\/v2\/product_cat?post=9892"},{"taxonomy":"product_tag","embeddable":true,"href":"https:\/\/kinnunen.fi\/en\/wp-json\/wp\/v2\/product_tag?post=9892"}],"curies":[{"name":"wp","href":"https:\/\/api.w.org\/{rel}","templated":true}]}}